{"id":118,"date":"2020-10-13T00:35:45","date_gmt":"2020-10-13T00:35:45","guid":{"rendered":"https:\/\/avgsolutions.ca\/?page_id=118"},"modified":"2020-10-13T00:38:20","modified_gmt":"2020-10-13T00:38:20","slug":"vous-etes-a-la-recherche-demployes-dans-la-manufacture-lhotellerie-les-soins-de-sante-dans-les-residences-de-personnes-agees-visitez-notre-site-pour-voir-nos-services","status":"publish","type":"page","link":"https:\/\/avgsolutions.ca\/en\/vous-etes-a-la-recherche-demployes-dans-la-manufacture-lhotellerie-les-soins-de-sante-dans-les-residences-de-personnes-agees-visitez-notre-site-pour-voir-nos-services\/","title":{"rendered":"Vous \u00eates \u00e0 la recherche d\u2019employ\u00e9s dans la manufacture, l\u2019h\u00f4tellerie, les soins de sant\u00e9 dans les r\u00e9sidences de personnes \u00e2g\u00e9es, visitez notre site."},"content":{"rendered":"<p>For us, service is more important than price because customer satisfaction is our priority.<\/p>\n\n\n\n<p>Our competitive prices, our professionalism and our efficiency in finding the right candidates for you are the elements of our customer satisfaction.<\/p>\n\n\n\n<p><\/p>","protected":false},"excerpt":{"rendered":"<p>Pour nous, le service avant le prix car la satisfaction de notre client\u00e8le est notre priorit\u00e9. Nos prix comp\u00e9titifs, notre professionnalisme et notre efficacit\u00e9 \u00e0 trouver les candidats qu\u2019il vous faut sont les \u00e9l\u00e9ments de satisfaction de notre client\u00e8le.<\/p>","protected":false},"author":1,"featured_media":0,"parent":0,"menu_order":0,"comment_status":"closed","ping_status":"closed","template":"","meta":{"footnotes":""},"class_list":["post-118","page","type-page","status-publish","hentry"],"_links":{"self":[{"href":"https:\/\/avgsolutions.ca\/en\/wp-json\/wp\/v2\/pages\/118"}],"collection":[{"href":"https:\/\/avgsolutions.ca\/en\/wp-json\/wp\/v2\/pages"}],"about":[{"href":"https:\/\/avgsolutions.ca\/en\/wp-json\/wp\/v2\/types\/page"}],"author":[{"embeddable":true,"href":"https:\/\/avgsolutions.ca\/en\/wp-json\/wp\/v2\/users\/1"}],"replies":[{"embeddable":true,"href":"https:\/\/avgsolutions.ca\/en\/wp-json\/wp\/v2\/comments?post=118"}],"version-history":[{"count":2,"href":"https:\/\/avgsolutions.ca\/en\/wp-json\/wp\/v2\/pages\/118\/revisions"}],"predecessor-version":[{"id":120,"href":"https:\/\/avgsolutions.ca\/en\/wp-json\/wp\/v2\/pages\/118\/revisions\/120"}],"wp:attachment":[{"href":"https:\/\/avgsolutions.ca\/en\/wp-json\/wp\/v2\/media?parent=118"}],"curies":[{"name":"wp","href":"https:\/\/api.w.org\/{rel}","templated":true}]}}