{"id":20,"date":"2020-10-09T20:35:54","date_gmt":"2020-10-09T20:35:54","guid":{"rendered":"https:\/\/avgsolutions.ca\/?page_id=20"},"modified":"2020-11-04T21:56:06","modified_gmt":"2020-11-04T21:56:06","slug":"accueil","status":"publish","type":"page","link":"https:\/\/avgsolutions.ca\/en\/accueil\/","title":{"rendered":"Home"},"content":{"rendered":"<div data-elementor-type=\"wp-page\" data-elementor-id=\"20\" class=\"elementor elementor-20\" data-elementor-settings=\"[]\">\n\t\t\t\t\t\t<div class=\"elementor-inner\">\n\t\t\t\t\t\t\t<div class=\"elementor-section-wrap\">\n\t\t\t\t\t\t\t<section class=\"elementor-section elementor-top-section elementor-element elementor-element-7dc80d4d elementor-section-boxed elementor-section-height-default elementor-section-height-default\" data-id=\"7dc80d4d\" data-element_type=\"section\">\n\t\t\t\t\t\t<div class=\"elementor-container elementor-column-gap-default\">\n\t\t\t\t\t\t\t<div class=\"elementor-row\">\n\t\t\t\t\t<div class=\"elementor-column elementor-col-100 elementor-top-column elementor-element elementor-element-125267\" data-id=\"125267\" data-element_type=\"column\">\n\t\t\t<div class=\"elementor-column-wrap elementor-element-populated\">\n\t\t\t\t\t\t\t<div class=\"elementor-widget-wrap\">\n\t\t\t\t\t\t<div class=\"elementor-element elementor-element-1c7771ce elementor-widget elementor-widget-text-editor\" data-id=\"1c7771ce\" data-element_type=\"widget\" data-widget_type=\"text-editor.default\">\n\t\t\t\t<div class=\"elementor-widget-container\">\n\t\t\t\t\t<div class=\"elementor-text-editor elementor-clearfix\"><p><!-- wp:paragraph --><\/p>\n<p>You are looking for employees in manufacturing, hospitality, health care in retirement homes, visit our site to see our services.<\/p>\n<p><!-- \/wp:paragraph --><\/p>\n<p><!-- wp:paragraph --><\/p>\n<p>For us, service is more important than price because customer satisfaction is our priority.<\/p>\n<p><!-- \/wp:paragraph --><\/p>\n<p><!-- wp:paragraph --><\/p>\n<p>Our competitive prices, our professionalism and our efficiency in finding the right candidates for you are the elements of our customer satisfaction.<\/p>\n<p><!-- \/wp:paragraph --><\/p>\n<p><!-- wp:gallery {\"ids\":[176]} --><\/p>\n<figure>\n<ul>\n<li>\n<figure><img decoding=\"async\" src=\"https:\/\/avgsolutions.ca\/wp-content\/uploads\/2020\/10\/Photo-manufacture-2.jpg\" alt=\"\" data-id=\"176\" data-full-url=\"https:\/\/avgsolutions.ca\/wp-content\/uploads\/2020\/10\/Photo-manufacture-2.jpg\" data-link=\"https:\/\/avgsolutions.ca\/photo-manufacture-2\/\" \/><\/figure>\n<\/li>\n<\/ul>\n<figcaption><br \/>You are looking for employees in manufacturing, hospitality, health care in retirement homes, visit our site to see our services.<br \/>\u00a0<br \/>For us, service is more important than price because customer satisfaction is our priority.<br \/>Our competitive prices, our professionalism and our efficiency in finding the right candidates for you are the elements of our customer satisfaction.<\/figcaption>\n<\/figure>\n<p><!-- \/wp:gallery --><\/p>\n<p><!-- wp:paragraph --><\/p>\n<p>Appelez-nous\u00a0\u00a0\u00a0\u00a0\u00a0\u00a0\u00a0\u00a0\u00a0\u00a0\u00a0\u00a0\u00a0\u00a0\u00a0\u00a0\u00a0\u00a0\u00a0\u00a0\u00a0\u00a0\u00a0\u00a0\u00a0\u00a0\u00a0\u00a0\u00a0\u00a0\u00a0\u00a0\u00a0\u00a0\u00a0\u00a0\u00a0\u00a0\u00a0\u00a0\u00a0\u00a0\u00a0\u00c9crivez-nous pour les informations<\/p>\n<p><!-- \/wp:paragraph --><\/p>\n<p><!-- wp:paragraph --><\/p>\n<p>Trois-Rivi\u00e8res avg.solutions@yahoo.com<\/p>\n<p><!-- \/wp:paragraph --><\/p>\n<p><!-- wp:list --><\/p>\n<ul>\n<li>Employers<\/li>\n<li>Chercheurs d\u2019emploi\u00a0\u00a0\u00a0\u00a0<\/li>\n<\/ul>\n<p><!-- \/wp:list --><\/p>\n<p><!-- wp:paragraph --><\/p>\n<p>+1 819\u00a0979 5544\u00a0\u00a0\u00a0\u00a0\u00a0\u00a0\u00a0\u00a0\u00a0\u00a0\u00a0<\/p>\n<p><!-- \/wp:paragraph --><\/p>\n<p><!-- wp:paragraph --><\/p>\n<p>+ 1\u00a0819\u00a0374 4061<\/p>\n<p><!-- \/wp:paragraph --><\/p><\/div>\n\t\t\t\t<\/div>\n\t\t\t\t<\/div>\n\t\t\t\t\t\t<\/div>\n\t\t\t\t\t<\/div>\n\t\t<\/div>\n\t\t\t\t\t\t\t\t<\/div>\n\t\t\t\t\t<\/div>\n\t\t<\/section>\n\t\t\t\t\t\t<\/div>\n\t\t\t\t\t\t<\/div>\n\t\t\t\t\t<\/div>","protected":false},"excerpt":{"rendered":"<p>Vous \u00eates \u00e0 la recherche d\u2019employ\u00e9s dans la manufacture, l\u2019h\u00f4tellerie, les soins de sant\u00e9 dans les r\u00e9sidences de personnes \u00e2g\u00e9es, visitez notre site pour voir nos services. Pour nous, le service avant le prix car la satisfaction de notre client\u00e8le est notre priorit\u00e9. Nos prix comp\u00e9titifs, notre professionnalisme et notre efficacit\u00e9 \u00e0 trouver les candidats &hellip;<\/p>\n<p class=\"read-more\"> <a class=\"\" href=\"https:\/\/avgsolutions.ca\/en\/accueil\/\"> <span class=\"screen-reader-text\">Home<\/span> Read More &raquo;<\/a><\/p>","protected":false},"author":1,"featured_media":0,"parent":0,"menu_order":0,"comment_status":"closed","ping_status":"closed","template":"","meta":{"footnotes":""},"class_list":["post-20","page","type-page","status-publish","hentry"],"_links":{"self":[{"href":"https:\/\/avgsolutions.ca\/en\/wp-json\/wp\/v2\/pages\/20"}],"collection":[{"href":"https:\/\/avgsolutions.ca\/en\/wp-json\/wp\/v2\/pages"}],"about":[{"href":"https:\/\/avgsolutions.ca\/en\/wp-json\/wp\/v2\/types\/page"}],"author":[{"embeddable":true,"href":"https:\/\/avgsolutions.ca\/en\/wp-json\/wp\/v2\/users\/1"}],"replies":[{"embeddable":true,"href":"https:\/\/avgsolutions.ca\/en\/wp-json\/wp\/v2\/comments?post=20"}],"version-history":[{"count":15,"href":"https:\/\/avgsolutions.ca\/en\/wp-json\/wp\/v2\/pages\/20\/revisions"}],"predecessor-version":[{"id":841,"href":"https:\/\/avgsolutions.ca\/en\/wp-json\/wp\/v2\/pages\/20\/revisions\/841"}],"wp:attachment":[{"href":"https:\/\/avgsolutions.ca\/en\/wp-json\/wp\/v2\/media?parent=20"}],"curies":[{"name":"wp","href":"https:\/\/api.w.org\/{rel}","templated":true}]}}